{"id":14,"date":"2022-06-15T13:53:27","date_gmt":"2022-06-15T13:53:27","guid":{"rendered":"http:\/\/vinareal.com.mx\/?page_id=14"},"modified":"2026-02-19T18:04:21","modified_gmt":"2026-02-19T18:04:21","slug":"inicio-2","status":"publish","type":"page","link":"https:\/\/vinareal.com.mx\/es_es\/","title":{"rendered":"home"},"content":{"rendered":"\n<div class=\"hero-desktop hero-video\">\n  <video autoplay muted playsinline loop preload=\"auto\">\n    <source src=\"https:\/\/vinareal.com.mx\/wp-content\/uploads\/2026\/02\/Sequence-01.mp4\" type=\"video\/mp4\">\n  <\/video>\n<\/div>\n\n\n\n\n<div class=\"hero-mobile hero-video\">\n  <video autoplay muted playsinline loop preload=\"auto\">\n    <source src=\"https:\/\/vinareal.com.mx\/wp-content\/uploads\/2026\/02\/Sequence-01_1.mp4\" type=\"video\/mp4\">\n  <\/video>\n<\/div>\n\n\n\n\n<p class=\"has-text-align-center has-link-color has-medium-font-size wp-elements-f9f6bbc628201a4566dda015ff6f0c04\" style=\"margin-top:0;margin-right:var(--wp--preset--spacing--30);margin-bottom:0;margin-left:var(--wp--preset--spacing--30);padding-top:var(--wp--preset--spacing--40);padding-right:var(--wp--preset--spacing--30);padding-bottom:var(--wp--preset--spacing--40);padding-left:var(--wp--preset--spacing--30);font-style:normal;font-weight:500;letter-spacing:0px;line-height:1.4;text-decoration:none;text-transform:none\">Reinventarse, probar cosas nuevas y celebrar la autenticidad en todas sus formas, colores y sabores: eso es Vi\u00f1a Real. Con nuestra variedad de sabores, acompa\u00f1amos tu estilo.<br>Y con nuestras distintas presentaciones, estamos listos para cada situaci\u00f3n.<\/p>\n\n\n\n<div class=\"wp-block-group alignwide has-white-background-color has-background is-vertical is-content-justification-center is-layout-flex wp-container-core-group-is-layout-92fb03eb wp-block-group-is-layout-flex\" style=\"min-height:41vh;margin-top:0;margin-bottom:0;padding-top:var(--wp--preset--spacing--30);padding-right:0;padding-bottom:var(--wp--preset--spacing--30);padding-left:0\">\n<h2 class=\"wp-block-heading has-text-align-center\">SABORES<\/h2>\n\n\n\n<div class=\"wp-block-columns has-medium-font-size is-layout-flex wp-container-core-columns-is-layout-28f84493 wp-block-columns-is-layout-flex\">\n<div class=\"wp-block-column is-layout-flow wp-block-column-is-layout-flow\">\n<div class=\"wp-block-media-text alignwide is-stacked-on-mobile is-vertically-aligned-center\" style=\"padding-top:0;padding-right:var(--wp--preset--spacing--60);padding-bottom:0;padding-left:var(--wp--preset--spacing--60);grid-template-columns:40% auto\"><figure class=\"wp-block-media-text__media\"><img fetchpriority=\"high\" decoding=\"async\" width=\"504\" height=\"642\" src=\"https:\/\/vinareal.com.mx\/wp-content\/uploads\/2026\/01\/banner_durazno.png\" alt=\"\" class=\"wp-image-2472 size-full\" srcset=\"https:\/\/vinareal.com.mx\/wp-content\/uploads\/2026\/01\/banner_durazno.png 504w, https:\/\/vinareal.com.mx\/wp-content\/uploads\/2026\/01\/banner_durazno-236x300.png 236w, https:\/\/vinareal.com.mx\/wp-content\/uploads\/2026\/01\/banner_durazno-9x12.png 9w, https:\/\/vinareal.com.mx\/wp-content\/uploads\/2026\/01\/banner_durazno-300x382.png 300w\" sizes=\"(max-width: 504px) 100vw, 504px\" \/><\/figure><div class=\"wp-block-media-text__content\">\n<hr class=\"wp-block-separator has-alpha-channel-opacity\"\/>\n\n\n\n<h3 class=\"wp-block-heading has-text-align-center has-text-color has-medium-font-size\" style=\"color:#000000\"><strong>durazno<\/strong><\/h3>\n\n\n\n<hr class=\"wp-block-separator has-alpha-channel-opacity\"\/>\n\n\n\n<p style=\"font-size:17px;font-style:normal;font-weight:500;letter-spacing:0px;line-height:1.4;text-decoration:none;text-transform:none\">Suave y equilibrado, con notas dulces que se combinan con una frescura ligera. Ideal para quienes buscan un sabor elegante y f\u00e1cil de disfrutar.<\/p>\n<\/div><\/div>\n\n\n\n<div class=\"wp-block-media-text alignwide is-stacked-on-mobile is-vertically-aligned-center\" style=\"padding-top:0;padding-right:var(--wp--preset--spacing--60);padding-bottom:0;padding-left:var(--wp--preset--spacing--60);grid-template-columns:40% auto\"><figure class=\"wp-block-media-text__media\"><img decoding=\"async\" width=\"504\" height=\"642\" src=\"https:\/\/vinareal.com.mx\/wp-content\/uploads\/2026\/01\/banner_fresandia.png\" alt=\"\" class=\"wp-image-2471 size-full\" srcset=\"https:\/\/vinareal.com.mx\/wp-content\/uploads\/2026\/01\/banner_fresandia.png 504w, https:\/\/vinareal.com.mx\/wp-content\/uploads\/2026\/01\/banner_fresandia-236x300.png 236w, https:\/\/vinareal.com.mx\/wp-content\/uploads\/2026\/01\/banner_fresandia-9x12.png 9w, https:\/\/vinareal.com.mx\/wp-content\/uploads\/2026\/01\/banner_fresandia-300x382.png 300w\" sizes=\"(max-width: 504px) 100vw, 504px\" \/><\/figure><div class=\"wp-block-media-text__content\">\n<hr class=\"wp-block-separator has-alpha-channel-opacity\"\/>\n\n\n\n<h3 class=\"wp-block-heading has-text-align-center has-text-color has-medium-font-size\" style=\"color:#000000\"><strong>Fresa Sand\u00eda<\/strong><\/h3>\n\n\n\n<hr class=\"wp-block-separator has-alpha-channel-opacity\"\/>\n\n\n\n<p style=\"font-size:17px;font-style:normal;font-weight:500;letter-spacing:0px;line-height:1.4;text-decoration:none;text-transform:none\">Una mezcla jugosa y refrescante. La dulzura de la fresa se une con la frescura de la sand\u00eda para crear una experiencia vibrante y veraniega.<\/p>\n<\/div><\/div>\n\n\n\n<div class=\"wp-block-media-text alignwide is-stacked-on-mobile is-vertically-aligned-center\" style=\"padding-top:0;padding-right:var(--wp--preset--spacing--60);padding-bottom:0;padding-left:var(--wp--preset--spacing--60);grid-template-columns:40% auto\"><figure class=\"wp-block-media-text__media\"><img decoding=\"async\" width=\"504\" height=\"642\" src=\"https:\/\/vinareal.com.mx\/wp-content\/uploads\/2026\/01\/banner_kiwi.png\" alt=\"\" class=\"wp-image-2467 size-full\" srcset=\"https:\/\/vinareal.com.mx\/wp-content\/uploads\/2026\/01\/banner_kiwi.png 504w, https:\/\/vinareal.com.mx\/wp-content\/uploads\/2026\/01\/banner_kiwi-236x300.png 236w, https:\/\/vinareal.com.mx\/wp-content\/uploads\/2026\/01\/banner_kiwi-9x12.png 9w, https:\/\/vinareal.com.mx\/wp-content\/uploads\/2026\/01\/banner_kiwi-300x382.png 300w\" sizes=\"(max-width: 504px) 100vw, 504px\" \/><\/figure><div class=\"wp-block-media-text__content\">\n<hr class=\"wp-block-separator has-alpha-channel-opacity\"\/>\n\n\n\n<h3 class=\"wp-block-heading has-text-align-center has-text-color has-medium-font-size\" style=\"color:#000000\"><strong>KIWI<\/strong><\/h3>\n\n\n\n<hr class=\"wp-block-separator has-alpha-channel-opacity\"\/>\n\n\n\n<p style=\"font-size:17px;font-style:normal;font-weight:500;letter-spacing:0px;line-height:1.4;text-decoration:none;text-transform:none\">Ex\u00f3tico y chispeante. El kiwi aporta un toque \u00e1cido y refrescante que despierta los sentidos en cada sorbo.<\/p>\n<\/div><\/div>\n\n\n\n<div class=\"wp-block-media-text alignwide is-stacked-on-mobile is-vertically-aligned-center\" style=\"padding-top:0;padding-right:var(--wp--preset--spacing--60);padding-bottom:0;padding-left:var(--wp--preset--spacing--60);grid-template-columns:40% auto\"><figure class=\"wp-block-media-text__media\"><img loading=\"lazy\" decoding=\"async\" width=\"504\" height=\"642\" src=\"https:\/\/vinareal.com.mx\/wp-content\/uploads\/2026\/01\/banner_sangria.png\" alt=\"\" class=\"wp-image-2469 size-full\" srcset=\"https:\/\/vinareal.com.mx\/wp-content\/uploads\/2026\/01\/banner_sangria.png 504w, https:\/\/vinareal.com.mx\/wp-content\/uploads\/2026\/01\/banner_sangria-236x300.png 236w, https:\/\/vinareal.com.mx\/wp-content\/uploads\/2026\/01\/banner_sangria-9x12.png 9w, https:\/\/vinareal.com.mx\/wp-content\/uploads\/2026\/01\/banner_sangria-300x382.png 300w\" sizes=\"(max-width: 504px) 100vw, 504px\" \/><\/figure><div class=\"wp-block-media-text__content\">\n<hr class=\"wp-block-separator has-alpha-channel-opacity\"\/>\n\n\n\n<h3 class=\"wp-block-heading has-text-align-center has-text-color has-medium-font-size\" style=\"color:#000000\"><strong>SANGR\u00cdA<\/strong><\/h3>\n\n\n\n<hr class=\"wp-block-separator has-alpha-channel-opacity\"\/>\n\n\n\n<p style=\"font-size:17px;font-style:normal;font-weight:500;letter-spacing:0px;line-height:1.4;text-decoration:none;text-transform:none\">Inspirada en la tradici\u00f3n, con notas frutales y un car\u00e1cter festivo. Perfecta para quienes buscan un sabor intenso y lleno de color.<\/p>\n<\/div><\/div>\n\n\n\n<div class=\"wp-block-media-text alignwide is-stacked-on-mobile is-vertically-aligned-center\" style=\"padding-top:0;padding-right:var(--wp--preset--spacing--60);padding-bottom:0;padding-left:var(--wp--preset--spacing--60);grid-template-columns:40% auto\"><figure class=\"wp-block-media-text__media\"><img loading=\"lazy\" decoding=\"async\" width=\"504\" height=\"642\" src=\"https:\/\/vinareal.com.mx\/wp-content\/uploads\/2026\/01\/banner_maracuya.png\" alt=\"\" class=\"wp-image-2473 size-full\" srcset=\"https:\/\/vinareal.com.mx\/wp-content\/uploads\/2026\/01\/banner_maracuya.png 504w, https:\/\/vinareal.com.mx\/wp-content\/uploads\/2026\/01\/banner_maracuya-236x300.png 236w, https:\/\/vinareal.com.mx\/wp-content\/uploads\/2026\/01\/banner_maracuya-9x12.png 9w, https:\/\/vinareal.com.mx\/wp-content\/uploads\/2026\/01\/banner_maracuya-300x382.png 300w\" sizes=\"(max-width: 504px) 100vw, 504px\" \/><\/figure><div class=\"wp-block-media-text__content\">\n<hr class=\"wp-block-separator has-alpha-channel-opacity\"\/>\n\n\n\n<h3 class=\"wp-block-heading has-text-align-center has-text-color has-medium-font-size\" style=\"color:#000000\"><strong>MANGO MARACUY\u00c1<\/strong><\/h3>\n\n\n\n<hr class=\"wp-block-separator has-alpha-channel-opacity\"\/>\n\n\n\n<p style=\"font-size:17px;font-style:normal;font-weight:500;letter-spacing:0px;line-height:1.4;text-decoration:none;text-transform:none\">Tropical y audaz. La dulzura del mango se fusiona con la acidez del maracuy\u00e1 para un balance perfecto entre frescura y energ\u00eda.<\/p>\n<\/div><\/div>\n\n\n\n<div class=\"wp-block-media-text alignwide is-stacked-on-mobile is-vertically-aligned-center\" style=\"padding-top:0;padding-right:var(--wp--preset--spacing--60);padding-bottom:0;padding-left:var(--wp--preset--spacing--60);grid-template-columns:40% auto\"><figure class=\"wp-block-media-text__media\"><img loading=\"lazy\" decoding=\"async\" width=\"504\" height=\"642\" src=\"https:\/\/vinareal.com.mx\/wp-content\/uploads\/2026\/01\/banner_tamarindo.png\" alt=\"\" class=\"wp-image-2470 size-full\" srcset=\"https:\/\/vinareal.com.mx\/wp-content\/uploads\/2026\/01\/banner_tamarindo.png 504w, https:\/\/vinareal.com.mx\/wp-content\/uploads\/2026\/01\/banner_tamarindo-236x300.png 236w, https:\/\/vinareal.com.mx\/wp-content\/uploads\/2026\/01\/banner_tamarindo-9x12.png 9w, https:\/\/vinareal.com.mx\/wp-content\/uploads\/2026\/01\/banner_tamarindo-300x382.png 300w\" sizes=\"(max-width: 504px) 100vw, 504px\" \/><\/figure><div class=\"wp-block-media-text__content\">\n<hr class=\"wp-block-separator has-alpha-channel-opacity\"\/>\n\n\n\n<h3 class=\"wp-block-heading has-text-align-center has-text-color has-medium-font-size\" style=\"color:#000000\"><strong>TAMARINDO<\/strong><\/h3>\n\n\n\n<hr class=\"wp-block-separator has-alpha-channel-opacity\"\/>\n\n\n\n<p style=\"font-size:17px;font-style:normal;font-weight:500;letter-spacing:0px;line-height:1.4;text-decoration:none;text-transform:none\">Un sabor \u00fanico y atrevido. El tamarindo aporta un toque \u00e1cido y ligeramente dulce que no pasa desapercibido.<\/p>\n<\/div><\/div>\n\n\n\n<div class=\"wp-block-media-text alignwide is-stacked-on-mobile is-vertically-aligned-center\" style=\"padding-top:0;padding-right:var(--wp--preset--spacing--60);padding-bottom:0;padding-left:var(--wp--preset--spacing--60);grid-template-columns:40% auto\"><figure class=\"wp-block-media-text__media\"><img loading=\"lazy\" decoding=\"async\" width=\"504\" height=\"642\" src=\"https:\/\/vinareal.com.mx\/wp-content\/uploads\/2026\/01\/banner_pinacolada.png\" alt=\"\" class=\"wp-image-2468 size-full\" srcset=\"https:\/\/vinareal.com.mx\/wp-content\/uploads\/2026\/01\/banner_pinacolada.png 504w, https:\/\/vinareal.com.mx\/wp-content\/uploads\/2026\/01\/banner_pinacolada-236x300.png 236w, https:\/\/vinareal.com.mx\/wp-content\/uploads\/2026\/01\/banner_pinacolada-9x12.png 9w, https:\/\/vinareal.com.mx\/wp-content\/uploads\/2026\/01\/banner_pinacolada-300x382.png 300w\" sizes=\"(max-width: 504px) 100vw, 504px\" \/><\/figure><div class=\"wp-block-media-text__content\">\n<hr class=\"wp-block-separator has-alpha-channel-opacity\"\/>\n\n\n\n<h3 class=\"wp-block-heading has-text-align-center has-text-color has-medium-font-size\" style=\"color:#000000\"><strong>PI\u00d1A COLADA<\/strong><\/h3>\n\n\n\n<hr class=\"wp-block-separator has-alpha-channel-opacity\"\/>\n\n\n\n<p style=\"font-size:17px;font-style:normal;font-weight:500;letter-spacing:0px;line-height:1.4;text-decoration:none;text-transform:none\">El cl\u00e1sico tropical reinventado. Pi\u00f1a y coco en armon\u00eda para quienes quieren disfrutar la esencia del verano en cada trago.<\/p>\n<\/div><\/div>\n\n\n\n<div class=\"wp-block-media-text alignwide is-stacked-on-mobile is-vertically-aligned-center\" style=\"padding-top:0;padding-right:var(--wp--preset--spacing--60);padding-bottom:0;padding-left:var(--wp--preset--spacing--60);grid-template-columns:40% auto\"><figure class=\"wp-block-media-text__media\"><img loading=\"lazy\" decoding=\"async\" width=\"504\" height=\"642\" src=\"https:\/\/vinareal.com.mx\/wp-content\/uploads\/2026\/01\/banner_mangodurazno.png\" alt=\"\" class=\"wp-image-2466 size-full\" srcset=\"https:\/\/vinareal.com.mx\/wp-content\/uploads\/2026\/01\/banner_mangodurazno.png 504w, https:\/\/vinareal.com.mx\/wp-content\/uploads\/2026\/01\/banner_mangodurazno-236x300.png 236w, https:\/\/vinareal.com.mx\/wp-content\/uploads\/2026\/01\/banner_mangodurazno-9x12.png 9w, https:\/\/vinareal.com.mx\/wp-content\/uploads\/2026\/01\/banner_mangodurazno-300x382.png 300w\" sizes=\"(max-width: 504px) 100vw, 504px\" \/><\/figure><div class=\"wp-block-media-text__content\">\n<hr class=\"wp-block-separator has-alpha-channel-opacity\"\/>\n\n\n\n<h3 class=\"wp-block-heading has-text-align-center has-text-color has-medium-font-size\" style=\"color:#000000\"><strong>MANGO DURAZNO<\/strong><\/h3>\n\n\n\n<hr class=\"wp-block-separator has-alpha-channel-opacity\"\/>\n\n\n\n<p style=\"font-size:17px;font-style:normal;font-weight:500;letter-spacing:0px;line-height:1.4;text-decoration:none;text-transform:none\">Una combinaci\u00f3n suave y frutal. El mango y el durazno se unen para ofrecer un sabor equilibrado y delicioso.<\/p>\n<\/div><\/div>\n\n\n\n<div class=\"wp-block-media-text alignwide is-stacked-on-mobile is-vertically-aligned-center\" style=\"padding-top:0;padding-right:var(--wp--preset--spacing--60);padding-bottom:0;padding-left:var(--wp--preset--spacing--60);grid-template-columns:40% auto\"><figure class=\"wp-block-media-text__media\"><img loading=\"lazy\" decoding=\"async\" width=\"504\" height=\"642\" src=\"https:\/\/vinareal.com.mx\/wp-content\/uploads\/2026\/01\/banner_moras.png\" alt=\"\" class=\"wp-image-2480 size-full\" srcset=\"https:\/\/vinareal.com.mx\/wp-content\/uploads\/2026\/01\/banner_moras.png 504w, https:\/\/vinareal.com.mx\/wp-content\/uploads\/2026\/01\/banner_moras-236x300.png 236w, https:\/\/vinareal.com.mx\/wp-content\/uploads\/2026\/01\/banner_moras-9x12.png 9w, https:\/\/vinareal.com.mx\/wp-content\/uploads\/2026\/01\/banner_moras-300x382.png 300w\" sizes=\"(max-width: 504px) 100vw, 504px\" \/><\/figure><div class=\"wp-block-media-text__content\">\n<hr class=\"wp-block-separator has-alpha-channel-opacity\"\/>\n\n\n\n<h3 class=\"wp-block-heading has-text-align-center has-text-color has-medium-font-size\" style=\"color:#000000\"><strong>BLUEBERRY<\/strong><\/h3>\n\n\n\n<hr class=\"wp-block-separator has-alpha-channel-opacity\"\/>\n\n\n\n<p style=\"font-size:17px;font-style:normal;font-weight:500;letter-spacing:0px;line-height:1.4;text-decoration:none;text-transform:none\">Intenso y sofisticado. El sabor del ar\u00e1ndano azul se presenta con un perfil dulce y ligeramente \u00e1cido, ideal para momentos especiales.<\/p>\n<\/div><\/div>\n\n\n\n<div class=\"wp-block-media-text alignwide is-stacked-on-mobile is-vertically-aligned-center\" style=\"padding-top:0;padding-right:var(--wp--preset--spacing--60);padding-bottom:0;padding-left:var(--wp--preset--spacing--60);grid-template-columns:40% auto\"><figure class=\"wp-block-media-text__media\"><img loading=\"lazy\" decoding=\"async\" width=\"504\" height=\"642\" src=\"https:\/\/vinareal.com.mx\/wp-content\/uploads\/2026\/01\/banner_paloma.png\" alt=\"\" class=\"wp-image-2483 size-full\" srcset=\"https:\/\/vinareal.com.mx\/wp-content\/uploads\/2026\/01\/banner_paloma.png 504w, https:\/\/vinareal.com.mx\/wp-content\/uploads\/2026\/01\/banner_paloma-236x300.png 236w, https:\/\/vinareal.com.mx\/wp-content\/uploads\/2026\/01\/banner_paloma-9x12.png 9w, https:\/\/vinareal.com.mx\/wp-content\/uploads\/2026\/01\/banner_paloma-300x382.png 300w\" sizes=\"(max-width: 504px) 100vw, 504px\" \/><\/figure><div class=\"wp-block-media-text__content\">\n<hr class=\"wp-block-separator has-alpha-channel-opacity\"\/>\n\n\n\n<h3 class=\"wp-block-heading has-text-align-center has-text-color has-medium-font-size\" style=\"color:#000000\"><strong>PALOMA REAL<\/strong><\/h3>\n\n\n\n<hr class=\"wp-block-separator has-alpha-channel-opacity\"\/>\n\n\n\n<p style=\"font-size:17px;font-style:normal;font-weight:500;letter-spacing:0px;line-height:1.4;text-decoration:none;text-transform:none\">Refrescante y con car\u00e1cter. Reinventamos la cl\u00e1sica Paloma con un intenso sabor toronja y lim\u00f3n.<\/p>\n<\/div><\/div>\n<\/div>\n<\/div>\n<\/div>\n\n\n\n<p><\/p>\n","protected":false},"excerpt":{"rendered":"<p>Reinventarse, probar cosas nuevas y celebrar la autenticidad en todas sus formas, colores y sabores: eso es Vi\u00f1a Real. Con nuestra variedad de sabores, acompa\u00f1amos tu estilo.Y con nuestras distintas presentaciones, estamos listos para cada situaci\u00f3n. SABORES<\/p>\n","protected":false},"author":1,"featured_media":0,"parent":0,"menu_order":0,"comment_status":"closed","ping_status":"closed","template":"elementor_header_footer","meta":{"site-sidebar-layout":"default","site-content-layout":"","ast-site-content-layout":"normal-width-container","site-content-style":"default","site-sidebar-style":"default","ast-global-header-display":"","ast-banner-title-visibility":"","ast-main-header-display":"","ast-hfb-above-header-display":"","ast-hfb-below-header-display":"","ast-hfb-mobile-header-display":"","site-post-title":"disabled","ast-breadcrumbs-content":"","ast-featured-img":"","footer-sml-layout":"","theme-transparent-header-meta":"","adv-header-id-meta":"","stick-header-meta":"","header-above-stick-meta":"","header-main-stick-meta":"","header-below-stick-meta":"","astra-migrate-meta-layouts":"default","ast-page-background-enabled":"default","ast-page-background-meta":{"desktop":{"background-color":"var(--ast-global-color-5)","background-image":"","background-repeat":"repeat","background-position":"center center","background-size":"auto","background-attachment":"scroll","background-type":"","background-media":"","overlay-type":"","overlay-color":"","overlay-opacity":"","overlay-gradient":""},"tablet":{"background-color":"","background-image":"","background-repeat":"repeat","background-position":"center center","background-size":"auto","background-attachment":"scroll","background-type":"","background-media":"","overlay-type":"","overlay-color":"","overlay-opacity":"","overlay-gradient":""},"mobile":{"background-color":"","background-image":"","background-repeat":"repeat","background-position":"center center","background-size":"auto","background-attachment":"scroll","background-type":"","background-media":"","overlay-type":"","overlay-color":"","overlay-opacity":"","overlay-gradient":""}},"ast-content-background-meta":{"desktop":{"background-color":"var(--ast-global-color-4)","background-image":"","background-repeat":"repeat","background-position":"center center","background-size":"auto","background-attachment":"scroll","background-type":"","background-media":"","overlay-type":"","overlay-color":"","overlay-opacity":"","overlay-gradient":""},"tablet":{"background-color":"var(--ast-global-color-4)","background-image":"","background-repeat":"repeat","background-position":"center center","background-size":"auto","background-attachment":"scroll","background-type":"","background-media":"","overlay-type":"","overlay-color":"","overlay-opacity":"","overlay-gradient":""},"mobile":{"background-color":"var(--ast-global-color-4)","background-image":"","background-repeat":"repeat","background-position":"center center","background-size":"auto","background-attachment":"scroll","background-type":"","background-media":"","overlay-type":"","overlay-color":"","overlay-opacity":"","overlay-gradient":""}},"footnotes":""},"class_list":["post-14","page","type-page","status-publish","hentry"],"_links":{"self":[{"href":"https:\/\/vinareal.com.mx\/es_es\/wp-json\/wp\/v2\/pages\/14","targetHints":{"allow":["GET"]}}],"collection":[{"href":"https:\/\/vinareal.com.mx\/es_es\/wp-json\/wp\/v2\/pages"}],"about":[{"href":"https:\/\/vinareal.com.mx\/es_es\/wp-json\/wp\/v2\/types\/page"}],"author":[{"embeddable":true,"href":"https:\/\/vinareal.com.mx\/es_es\/wp-json\/wp\/v2\/users\/1"}],"replies":[{"embeddable":true,"href":"https:\/\/vinareal.com.mx\/es_es\/wp-json\/wp\/v2\/comments?post=14"}],"version-history":[{"count":95,"href":"https:\/\/vinareal.com.mx\/es_es\/wp-json\/wp\/v2\/pages\/14\/revisions"}],"predecessor-version":[{"id":2538,"href":"https:\/\/vinareal.com.mx\/es_es\/wp-json\/wp\/v2\/pages\/14\/revisions\/2538"}],"wp:attachment":[{"href":"https:\/\/vinareal.com.mx\/es_es\/wp-json\/wp\/v2\/media?parent=14"}],"curies":[{"name":"wp","href":"https:\/\/api.w.org\/{rel}","templated":true}]}}