{"id":848,"date":"2022-06-27T13:35:07","date_gmt":"2022-06-27T13:35:07","guid":{"rendered":"http:\/\/vinareal.com.mx\/?page_id=848"},"modified":"2025-10-27T03:10:26","modified_gmt":"2025-10-27T03:10:26","slug":"somos-vina","status":"publish","type":"page","link":"https:\/\/vinareal.com.mx\/es_es\/somos-vina\/","title":{"rendered":"Somos Vi\u00f1a Real"},"content":{"rendered":"\n<h4 class=\"wp-block-heading has-text-align-center has-x-large-font-size\">#vi\u00f1asolohayuna<\/h4>\n\n\n\n<p>En <strong>Vi\u00f1a<\/strong> creemos que cada momento merece un toque especial. Somos una marca que combina <strong>innovaci\u00f3n, frescura y sabor<\/strong> para ofrecerte bebidas listas para disfrutar (<strong>Ready to Drink<\/strong>) con una <strong>baja graduaci\u00f3n alcoh\u00f3lica<\/strong> y una personalidad \u00fanica.<\/p>\n\n\n\n<p>Nuestra esencia est\u00e1 en la <strong>diversi\u00f3n responsable<\/strong>, en crear experiencias que se adapten a tu estilo y a las tendencias actuales. Con una amplia variedad de sabores, Vi\u00f1a se convierte en el acompa\u00f1ante perfecto para compartir, celebrar y disfrutar con moderaci\u00f3n.<\/p>\n\n\n\n<p><strong>Nuestra misi\u00f3n:<\/strong><br>Ofrecer bebidas que sorprendan por su sabor, calidad y versatilidad, siempre cuidando cada detalle para que tu experiencia sea \u00fanica.<\/p>\n\n\n\n<p><strong>Nuestra visi\u00f3n:<\/strong><br>Ser la marca l\u00edder en bebidas RTD que inspira momentos aut\u00e9nticos y creativos, conectando con quienes buscan frescura y originalidad.<\/p>\n\n\n\n<p><strong>Vi\u00f1a, solo hay una.<\/strong><br>\u00a1Hazla parte de tu historia!<\/p>\n\n\n\n<div style=\"height:65px\" aria-hidden=\"true\" class=\"wp-block-spacer\"><\/div>\n\n\n\n<p><\/p>\n","protected":false},"excerpt":{"rendered":"<p>#vi\u00f1asolohayuna En Vi\u00f1a creemos que cada momento merece un toque especial. Somos una marca que combina innovaci\u00f3n, frescura y sabor para ofrecerte bebidas listas para disfrutar (Ready to Drink) con una baja graduaci\u00f3n alcoh\u00f3lica y una personalidad \u00fanica. Nuestra esencia est\u00e1 en la diversi\u00f3n responsable, en crear experiencias que se adapten a tu estilo y a las tendencias actuales. Con una amplia variedad de sabores, Vi\u00f1a se convierte en el acompa\u00f1ante perfecto para compartir, celebrar y disfrutar con moderaci\u00f3n. Nuestra misi\u00f3n:Ofrecer bebidas que sorprendan por su sabor, calidad y versatilidad, siempre cuidando cada detalle para que tu experiencia sea \u00fanica. Nuestra visi\u00f3n:Ser la marca l\u00edder en bebidas RTD que inspira momentos aut\u00e9nticos y creativos, conectando con quienes buscan frescura y originalidad. Vi\u00f1a, solo hay una.\u00a1Hazla parte de tu historia!<\/p>\n","protected":false},"author":2,"featured_media":0,"parent":0,"menu_order":0,"comment_status":"closed","ping_status":"closed","template":"","meta":{"site-sidebar-layout":"default","site-content-layout":"","ast-site-content-layout":"","site-content-style":"default","site-sidebar-style":"default","ast-global-header-display":"","ast-banner-title-visibility":"","ast-main-header-display":"","ast-hfb-above-header-display":"","ast-hfb-below-header-display":"","ast-hfb-mobile-header-display":"","site-post-title":"","ast-breadcrumbs-content":"","ast-featured-img":"","footer-sml-layout":"","theme-transparent-header-meta":"","adv-header-id-meta":"","stick-header-meta":"","header-above-stick-meta":"","header-main-stick-meta":"","header-below-stick-meta":"","astra-migrate-meta-layouts":"default","ast-page-background-enabled":"default","ast-page-background-meta":{"desktop":{"background-color":"var(--ast-global-color-5)","background-image":"","background-repeat":"repeat","background-position":"center center","background-size":"auto","background-attachment":"scroll","background-type":"","background-media":"","overlay-type":"","overlay-color":"","overlay-opacity":"","overlay-gradient":""},"tablet":{"background-color":"","background-image":"","background-repeat":"repeat","background-position":"center center","background-size":"auto","background-attachment":"scroll","background-type":"","background-media":"","overlay-type":"","overlay-color":"","overlay-opacity":"","overlay-gradient":""},"mobile":{"background-color":"","background-image":"","background-repeat":"repeat","background-position":"center center","background-size":"auto","background-attachment":"scroll","background-type":"","background-media":"","overlay-type":"","overlay-color":"","overlay-opacity":"","overlay-gradient":""}},"ast-content-background-meta":{"desktop":{"background-color":"var(--ast-global-color-4)","background-image":"","background-repeat":"repeat","background-position":"center center","background-size":"auto","background-attachment":"scroll","background-type":"","background-media":"","overlay-type":"","overlay-color":"","overlay-opacity":"","overlay-gradient":""},"tablet":{"background-color":"var(--ast-global-color-4)","background-image":"","background-repeat":"repeat","background-position":"center center","background-size":"auto","background-attachment":"scroll","background-type":"","background-media":"","overlay-type":"","overlay-color":"","overlay-opacity":"","overlay-gradient":""},"mobile":{"background-color":"var(--ast-global-color-4)","background-image":"","background-repeat":"repeat","background-position":"center center","background-size":"auto","background-attachment":"scroll","background-type":"","background-media":"","overlay-type":"","overlay-color":"","overlay-opacity":"","overlay-gradient":""}},"footnotes":""},"class_list":["post-848","page","type-page","status-publish","hentry"],"_links":{"self":[{"href":"https:\/\/vinareal.com.mx\/es_es\/wp-json\/wp\/v2\/pages\/848","targetHints":{"allow":["GET"]}}],"collection":[{"href":"https:\/\/vinareal.com.mx\/es_es\/wp-json\/wp\/v2\/pages"}],"about":[{"href":"https:\/\/vinareal.com.mx\/es_es\/wp-json\/wp\/v2\/types\/page"}],"author":[{"embeddable":true,"href":"https:\/\/vinareal.com.mx\/es_es\/wp-json\/wp\/v2\/users\/2"}],"replies":[{"embeddable":true,"href":"https:\/\/vinareal.com.mx\/es_es\/wp-json\/wp\/v2\/comments?post=848"}],"version-history":[{"count":24,"href":"https:\/\/vinareal.com.mx\/es_es\/wp-json\/wp\/v2\/pages\/848\/revisions"}],"predecessor-version":[{"id":2270,"href":"https:\/\/vinareal.com.mx\/es_es\/wp-json\/wp\/v2\/pages\/848\/revisions\/2270"}],"wp:attachment":[{"href":"https:\/\/vinareal.com.mx\/es_es\/wp-json\/wp\/v2\/media?parent=848"}],"curies":[{"name":"wp","href":"https:\/\/api.w.org\/{rel}","templated":true}]}}