{"id":1926,"date":"2025-01-28T15:58:58","date_gmt":"2025-01-28T15:58:58","guid":{"rendered":"http:\/\/vinareal.com.mx\/?post_type=product&#038;p=1926"},"modified":"2025-02-05T22:15:11","modified_gmt":"2025-02-05T22:15:11","slug":"vina-real-bebida-alcoholica-preparada-sabor-durazno-500-ml-caja-con-18-botellas","status":"publish","type":"product","link":"https:\/\/vinareal.com.mx\/es_es\/producto\/vina-real-bebida-alcoholica-preparada-sabor-durazno-500-ml-caja-con-18-botellas\/","title":{"rendered":"Vi\u00f1a Real Durazno 500 ml Caja 18 Botellas"},"content":{"rendered":"<p>Vi\u00f1a Real Bebida Alcoh\u00f3lica Preparada Sabor Durazno es  una combinaci\u00f3n de frescura y sabor. Elaborada con la calidad que caracteriza a Vi\u00f1a Real.<br \/>\nEl irresistible sabor a durazno proporciona un toque dulce y refrescante, ideal para los amantes de las bebidas frutales. Con una variedad de presentaciones (330 ml, 355 ml, 400 ml, 473 ml, 500 ml, 1000 ml, 2000 ml y 2600 ml), encontrar\u00e1s el tama\u00f1o perfecto para cada ocasi\u00f3n, ya sea una reuni\u00f3n \u00edntima o una gran celebraci\u00f3n.<\/p>\n<p>Caracter\u00edsticas principales:<\/p>\n<p>Sabor durazno, dulce y refrescante.<br \/>\nDisponibilidad en m\u00faltiples presentaciones para adaptarse a cualquier evento.<\/p>\n","protected":false},"excerpt":{"rendered":"<p>Vi\u00f1a Real Durazno,  bebida alcoh\u00f3lica preparada. Disponible en presentaciones de 330 ml, 355 ml, 400 ml, 473 ml, 500 ml, 1000 ml, 2000 ml y 2600 ml. <\/p>\n","protected":false},"featured_media":281,"comment_status":"open","ping_status":"closed","template":"","meta":{"site-sidebar-layout":"default","site-content-layout":"","ast-site-content-layout":"","site-content-style":"default","site-sidebar-style":"default","ast-global-header-display":"","ast-banner-title-visibility":"","ast-main-header-display":"","ast-hfb-above-header-display":"","ast-hfb-below-header-display":"","ast-hfb-mobile-header-display":"","site-post-title":"","ast-breadcrumbs-content":"","ast-featured-img":"","footer-sml-layout":"","theme-transparent-header-meta":"","adv-header-id-meta":"","stick-header-meta":"","header-above-stick-meta":"","header-main-stick-meta":"","header-below-stick-meta":"","astra-migrate-meta-layouts":"default","ast-page-background-enabled":"default","ast-page-background-meta":{"desktop":{"background-color":"var(--ast-global-color-5)","background-image":"","background-repeat":"repeat","background-position":"center center","background-size":"auto","background-attachment":"scroll","background-type":"","background-media":"","overlay-type":"","overlay-color":"","overlay-opacity":"","overlay-gradient":""},"tablet":{"background-color":"","background-image":"","background-repeat":"repeat","background-position":"center center","background-size":"auto","background-attachment":"scroll","background-type":"","background-media":"","overlay-type":"","overlay-color":"","overlay-opacity":"","overlay-gradient":""},"mobile":{"background-color":"","background-image":"","background-repeat":"repeat","background-position":"center center","background-size":"auto","background-attachment":"scroll","background-type":"","background-media":"","overlay-type":"","overlay-color":"","overlay-opacity":"","overlay-gradient":""}},"ast-content-background-meta":{"desktop":{"background-color":"var(--ast-global-color-4)","background-image":"","background-repeat":"repeat","background-position":"center center","background-size":"auto","background-attachment":"scroll","background-type":"","background-media":"","overlay-type":"","overlay-color":"","overlay-opacity":"","overlay-gradient":""},"tablet":{"background-color":"var(--ast-global-color-4)","background-image":"","background-repeat":"repeat","background-position":"center center","background-size":"auto","background-attachment":"scroll","background-type":"","background-media":"","overlay-type":"","overlay-color":"","overlay-opacity":"","overlay-gradient":""},"mobile":{"background-color":"var(--ast-global-color-4)","background-image":"","background-repeat":"repeat","background-position":"center center","background-size":"auto","background-attachment":"scroll","background-type":"","background-media":"","overlay-type":"","overlay-color":"","overlay-opacity":"","overlay-gradient":""}}},"product_cat":[17],"product_tag":[],"class_list":{"0":"post-1926","1":"product","2":"type-product","3":"status-publish","4":"has-post-thumbnail","6":"product_cat-sin-categorizar","7":"desktop-align-left","8":"tablet-align-left","9":"mobile-align-left","11":"first","12":"outofstock","13":"shipping-taxable","14":"product-type-simple"},"_links":{"self":[{"href":"https:\/\/vinareal.com.mx\/es_es\/wp-json\/wp\/v2\/product\/1926","targetHints":{"allow":["GET"]}}],"collection":[{"href":"https:\/\/vinareal.com.mx\/es_es\/wp-json\/wp\/v2\/product"}],"about":[{"href":"https:\/\/vinareal.com.mx\/es_es\/wp-json\/wp\/v2\/types\/product"}],"replies":[{"embeddable":true,"href":"https:\/\/vinareal.com.mx\/es_es\/wp-json\/wp\/v2\/comments?post=1926"}],"wp:featuredmedia":[{"embeddable":true,"href":"https:\/\/vinareal.com.mx\/es_es\/wp-json\/wp\/v2\/media\/281"}],"wp:attachment":[{"href":"https:\/\/vinareal.com.mx\/es_es\/wp-json\/wp\/v2\/media?parent=1926"}],"wp:term":[{"taxonomy":"product_cat","embeddable":true,"href":"https:\/\/vinareal.com.mx\/es_es\/wp-json\/wp\/v2\/product_cat?post=1926"},{"taxonomy":"product_tag","embeddable":true,"href":"https:\/\/vinareal.com.mx\/es_es\/wp-json\/wp\/v2\/product_tag?post=1926"}],"curies":[{"name":"wp","href":"https:\/\/api.w.org\/{rel}","templated":true}]}}